{"id":6,"date":"2025-11-16T19:05:45","date_gmt":"2025-11-16T19:05:45","guid":{"rendered":"https:\/\/actiludic.com\/index.php\/about\/"},"modified":"2025-11-22T11:28:09","modified_gmt":"2025-11-22T11:28:09","slug":"sobre-nos","status":"publish","type":"page","link":"https:\/\/actiludic.com\/index.php\/sobre-nos\/","title":{"rendered":"Sobre N\u00f3s"},"content":{"rendered":"\n\n\n<div class=\"wp-block-group alignfull has-ti-bg-alt-background-color has-background is-content-justification-center is-layout-constrained wp-block-group-is-layout-constrained\" style=\"margin-top:0;margin-bottom:0\">\n<div class=\"wp-block-group alignwide is-layout-flow wp-block-group-is-layout-flow\">\n<div class=\"wp-block-columns alignwide are-vertically-aligned-top is-layout-flex wp-container-core-columns-is-layout-5c8fb865 wp-block-columns-is-layout-flex\">\n<div class=\"wp-block-column is-layout-flow wp-block-column-is-layout-flow\">\n<p>O Actiludic \u00e9 uma sala de estudo aberta desde 2004, com instala\u00e7\u00f5es constru\u00eddas de raiz, devidamente licenciada para servi\u00e7os educativos, com mais de 3000 metros quadrados. Disponibiliz\u00e1mos um ensino assente na qualidade, exig\u00eancia e criatividade.<\/p>\n<\/div>\n<\/div>\n\n\n\n<div style=\"height:0px\" aria-hidden=\"true\" class=\"wp-block-spacer\"><\/div>\n<\/div>\n<\/div>\n\n\n\n<div class=\"wp-block-group alignfull has-ti-bg-alt-background-color has-background is-layout-constrained wp-container-core-group-is-layout-82fa407d wp-block-group-is-layout-constrained\" style=\"margin-top:0;margin-bottom:0;padding-top:var(--wp--preset--spacing--80);padding-right:var(--wp--preset--spacing--50);padding-bottom:var(--wp--preset--spacing--80);padding-left:var(--wp--preset--spacing--50)\">\n<div class=\"wp-block-group alignwide is-layout-grid wp-container-core-group-is-layout-a46246a7 wp-block-group-is-layout-grid\">\n<div class=\"wp-block-group is-vertical is-content-justification-left is-layout-flex wp-container-core-group-is-layout-b21d21b4 wp-block-group-is-layout-flex\">\n<h2 class=\"wp-block-heading\">Instala\u00e7\u00f5es amplas e acolhedoras<\/h2>\n\n\n\n<p>O nosso projeto foi desenhado com a preocupa\u00e7\u00e3o de todas as salas e espa\u00e7os interiores terem luz natural.<\/p>\n\n\n\n<p>Disponibiliz\u00e1mos mesas e cadeiras adequadas a cada idade e n\u00edvel de ensino, assim como WC&#8217;s para meninos, meninas, deficientes motores e pessoal docente.&nbsp;A disponibilidade do mobili\u00e1rio na sala tamb\u00e9m foi estudado de forma a conseguirmos atingir&nbsp;a melhor concentra\u00e7\u00e3o dos alunos no estudo. Tudo foi pensado ao pormenor!<\/p>\n<\/div>\n\n\n\n<div class=\"wp-block-group is-layout-constrained wp-block-group-is-layout-constrained\">\n<figure class=\"wp-block-image size-full has-custom-border\"><img loading=\"lazy\" decoding=\"async\" width=\"1920\" height=\"1280\" src=\"https:\/\/actiludic.com\/wp-content\/uploads\/2025\/11\/23-2.png\" alt=\"\" class=\"wp-image-59\" style=\"border-radius:16px;aspect-ratio:1;object-fit:cover\" srcset=\"https:\/\/actiludic.com\/wp-content\/uploads\/2025\/11\/23-2.png 1920w, https:\/\/actiludic.com\/wp-content\/uploads\/2025\/11\/23-2-300x200.png 300w, https:\/\/actiludic.com\/wp-content\/uploads\/2025\/11\/23-2-1024x683.png 1024w, https:\/\/actiludic.com\/wp-content\/uploads\/2025\/11\/23-2-768x512.png 768w, https:\/\/actiludic.com\/wp-content\/uploads\/2025\/11\/23-2-1536x1024.png 1536w\" sizes=\"auto, (max-width: 1920px) 100vw, 1920px\" \/><\/figure>\n<\/div>\n<\/div>\n<\/div>\n\n\n\n<div class=\"wp-block-group alignfull has-ti-bg-alt-background-color has-background is-layout-constrained wp-container-core-group-is-layout-82fa407d wp-block-group-is-layout-constrained\" style=\"margin-top:0;margin-bottom:0;padding-top:var(--wp--preset--spacing--80);padding-right:var(--wp--preset--spacing--50);padding-bottom:var(--wp--preset--spacing--80);padding-left:var(--wp--preset--spacing--50)\">\n<div class=\"wp-block-group alignwide is-layout-grid wp-container-core-group-is-layout-a46246a7 wp-block-group-is-layout-grid\">\n<figure class=\"wp-block-image size-full has-custom-border\"><img loading=\"lazy\" decoding=\"async\" width=\"1920\" height=\"1279\" src=\"https:\/\/actiludic.com\/wp-content\/uploads\/2025\/11\/15-2.png\" alt=\"\" class=\"wp-image-64\" style=\"border-radius:16px;aspect-ratio:1;object-fit:cover\" srcset=\"https:\/\/actiludic.com\/wp-content\/uploads\/2025\/11\/15-2.png 1920w, https:\/\/actiludic.com\/wp-content\/uploads\/2025\/11\/15-2-300x200.png 300w, https:\/\/actiludic.com\/wp-content\/uploads\/2025\/11\/15-2-1024x682.png 1024w, https:\/\/actiludic.com\/wp-content\/uploads\/2025\/11\/15-2-768x512.png 768w, https:\/\/actiludic.com\/wp-content\/uploads\/2025\/11\/15-2-1536x1023.png 1536w\" sizes=\"auto, (max-width: 1920px) 100vw, 1920px\" \/><\/figure>\n\n\n\n<div class=\"wp-block-group is-layout-constrained wp-block-group-is-layout-constrained\">\n<h2 class=\"wp-block-heading\">Ensino de qualidade<\/h2>\n\n\n\n<p>O nosso ensino caracteriza-se por um apoio pedag\u00f3gico personalizado e adequado \u00e0s caracter\u00edsticas individuais de cada aluno.<\/p>\n\n\n\n<p>O nosso principal objetivo \u00e9 que cada aluno aproveite, ao m\u00e1ximo, as suas capacidades. Para tal, organizamos os alunos em pequenos grupos e disponibiliz\u00e1mos uma equipa ampla de professores, nas v\u00e1rias disciplinas, capazes de motivar cada um dos alunos.<\/p>\n\n\n\n<p>A Exig\u00eancia, Motiva\u00e7\u00e3o e Criatividade fazem parte do nosso tri\u00e2ngulo de sucesso.<\/p>\n<\/div>\n<\/div>\n<\/div>\n\n\n\n<div class=\"wp-block-group alignfull has-ti-bg-alt-background-color has-background is-layout-constrained wp-container-core-group-is-layout-82fa407d wp-block-group-is-layout-constrained\" style=\"margin-top:0;margin-bottom:0;padding-top:var(--wp--preset--spacing--80);padding-right:var(--wp--preset--spacing--50);padding-bottom:var(--wp--preset--spacing--80);padding-left:var(--wp--preset--spacing--50)\">\n<div class=\"wp-block-group alignwide is-layout-grid wp-container-core-group-is-layout-a46246a7 wp-block-group-is-layout-grid\">\n<div class=\"wp-block-group is-layout-constrained wp-block-group-is-layout-constrained\">\n<h2 class=\"wp-block-heading\">Atividades desportivas e lazer<\/h2>\n\n\n\n<p>O nosso\u00a0projeto disp\u00f5e de um espa\u00e7o exterior com mais de 2000 metros quadrados, com um campo polidesportivo, parque infantil, baloi\u00e7os, mesa para a pr\u00e1tica de t\u00e9nis de mesa, \u00e1rvores de fruto e horta pedag\u00f3gica, al\u00e9m de muitos outros equipamentos capazes de divertir os alunos nos tempos dedicados ao lazer.\u00a0<\/p>\n\n\n\n<p>Nas f\u00e9rias de ver\u00e3o,&nbsp;no nosso&nbsp;campo de f\u00e9rias com piscina,&nbsp;realizamos v\u00e1rias&nbsp;atividades di\u00e1rias&nbsp;onde os sorrisos dos&nbsp;alunos s\u00e3o o nosso pr\u00e9mio.<\/p>\n<\/div>\n\n\n\n<figure class=\"wp-block-image size-full has-custom-border\"><img loading=\"lazy\" decoding=\"async\" width=\"1920\" height=\"1280\" src=\"https:\/\/actiludic.com\/wp-content\/uploads\/2025\/11\/6.png\" alt=\"\" class=\"wp-image-68\" style=\"border-radius:16px;aspect-ratio:1;object-fit:cover\" srcset=\"https:\/\/actiludic.com\/wp-content\/uploads\/2025\/11\/6.png 1920w, https:\/\/actiludic.com\/wp-content\/uploads\/2025\/11\/6-300x200.png 300w, https:\/\/actiludic.com\/wp-content\/uploads\/2025\/11\/6-1024x683.png 1024w, https:\/\/actiludic.com\/wp-content\/uploads\/2025\/11\/6-768x512.png 768w, https:\/\/actiludic.com\/wp-content\/uploads\/2025\/11\/6-1536x1024.png 1536w\" sizes=\"auto, (max-width: 1920px) 100vw, 1920px\" \/><\/figure>\n<\/div>\n<\/div>\n\n\n","protected":false},"excerpt":{"rendered":"<p>O Actiludic \u00e9 uma sala de estudo aberta desde 2004, com instala\u00e7\u00f5es constru\u00eddas de raiz, devidamente licenciada para servi\u00e7os educativos, com mais de 3000 metros quadrados. Disponibiliz\u00e1mos um ensino assente na qualidade, exig\u00eancia e criatividade. Instala\u00e7\u00f5es amplas e acolhedoras O nosso projeto foi desenhado com a preocupa\u00e7\u00e3o de todas as salas e espa\u00e7os interiores terem [&hellip;]<\/p>\n","protected":false},"author":1,"featured_media":0,"parent":0,"menu_order":0,"comment_status":"closed","ping_status":"closed","template":"","meta":{"footnotes":""},"class_list":["post-6","page","type-page","status-publish","hentry"],"_hostinger_reach_plugin_has_subscription_block":false,"_hostinger_reach_plugin_is_elementor":false,"_links":{"self":[{"href":"https:\/\/actiludic.com\/index.php\/wp-json\/wp\/v2\/pages\/6","targetHints":{"allow":["GET"]}}],"collection":[{"href":"https:\/\/actiludic.com\/index.php\/wp-json\/wp\/v2\/pages"}],"about":[{"href":"https:\/\/actiludic.com\/index.php\/wp-json\/wp\/v2\/types\/page"}],"author":[{"embeddable":true,"href":"https:\/\/actiludic.com\/index.php\/wp-json\/wp\/v2\/users\/1"}],"replies":[{"embeddable":true,"href":"https:\/\/actiludic.com\/index.php\/wp-json\/wp\/v2\/comments?post=6"}],"version-history":[{"count":12,"href":"https:\/\/actiludic.com\/index.php\/wp-json\/wp\/v2\/pages\/6\/revisions"}],"predecessor-version":[{"id":221,"href":"https:\/\/actiludic.com\/index.php\/wp-json\/wp\/v2\/pages\/6\/revisions\/221"}],"wp:attachment":[{"href":"https:\/\/actiludic.com\/index.php\/wp-json\/wp\/v2\/media?parent=6"}],"curies":[{"name":"wp","href":"https:\/\/api.w.org\/{rel}","templated":true}]}}